{"id":1773,"date":"2022-06-03T15:41:42","date_gmt":"2022-06-03T15:41:42","guid":{"rendered":"https:\/\/aaep.org.ar\/?page_id=1773"},"modified":"2023-04-26T12:55:45","modified_gmt":"2023-04-26T12:55:45","slug":"sobre-nosotros","status":"publish","type":"page","link":"https:\/\/aaep.org.ar\/?page_id=1773","title":{"rendered":"Sobre la AAEP"},"content":{"rendered":"<div data-colibri-id=\"1773-c1\" class=\"style-1116 style-local-1773-c1 position-relative\">\r\n  <!---->\r\n  <div data-colibri-component=\"section\" data-colibri-id=\"1773-c2\" id=\"initial-content\" class=\"h-section h-section-global-spacing d-flex align-items-lg-center align-items-md-center align-items-center style-1117 style-local-1773-c2 position-relative\">\r\n    <!---->\r\n    <!---->\r\n    <div class=\"h-section-grid-container h-section-boxed-container\">\r\n      <!---->\r\n      <div data-colibri-id=\"1773-c3\" class=\"h-row-container gutters-row-lg-2 gutters-row-md-2 gutters-row-0 gutters-row-v-lg-2 gutters-row-v-md-2 gutters-row-v-2 style-1118 style-local-1773-c3 position-relative\">\r\n        <!---->\r\n        <div class=\"h-row justify-content-lg-center justify-content-md-center justify-content-center align-items-lg-stretch align-items-md-stretch align-items-stretch gutters-col-lg-2 gutters-col-md-2 gutters-col-0 gutters-col-v-lg-2 gutters-col-v-md-2 gutters-col-v-2\">\r\n          <!---->\r\n          <div class=\"h-column h-column-container d-flex h-col-lg h-col-md-auto h-col-auto style-1119-outer style-local-1773-c4-outer\">\r\n            <div data-colibri-id=\"1773-c4\" class=\"d-flex h-flex-basis h-column__inner h-px-lg-1 h-px-md-1 h-px-1 v-inner-lg-1 v-inner-md-1 v-inner-1 style-1119 style-local-1773-c4 position-relative\">\r\n              <!---->\r\n              <!---->\r\n              <div class=\"w-100 h-y-container h-column__content h-column__v-align flex-basis-100 align-self-lg-start align-self-md-start align-self-start\">\r\n                <!---->\r\n                <div data-colibri-id=\"1773-c6\" class=\"h-text h-text-component style-1120 style-local-1773-c6 position-relative h-element\">\r\n                  <!---->\r\n                  <!---->\r\n                  <div class=\"\">\r\n                    <p>La Asociaci\u00f3n Argentina de Econom\u00eda Pol\u00edtica tiene como misi\u00f3n <strong>promover el an\u00e1lisis econ\u00f3mico en el pa\u00eds<\/strong>. La principal actividad consiste en la discusi\u00f3n de trabajos acad\u00e9micos realizados en el \u00e1mbito de la Econom\u00eda\r\n                      que se realiza en la Reuni\u00f3n Anual. Tradicionalmente, \u00e9sta, se celebra en el mes de noviembre de cada a\u00f1o en distintas ciudades del pa\u00eds, en consulta y cooperaci\u00f3n con universidades y centros de investigaci\u00f3n econ\u00f3mica de la Argentina.<\/p>\r\n                    <p>En las reuniones anuales han participado economistas del pa\u00eds e invitados de otros pa\u00edses, incluyendo prestigiosos economistas extranjeros como G. Akerlof (Premio Nobel de Econom\u00eda 2001), A. Berry, J. K. Brueckner, M. Bruno, V. Corbo,\r\n                      J. Dr\u00e8ze, S. Fisher, R. Guesnerie, A. C. Harberger, D. Hendry, H. Houthakker, P. Klemperer, F. Kydland (Premio Nobel de Econom\u00eda 2004), J. J. Laffont, A. Leijonhufvud, D. McFadden (Premio Nobel de Econom\u00eda 2000), S. Metcalfe, Sir\r\n                      J. Mirrlees (Premio Nobel de Econom\u00eda 1996), F. Modigliani (Premio Nobel de Econom\u00eda 1985), M. Nerlove, W. Oates, L. Pasinetti, E. Prescott (Premio Nobel de Econom\u00eda 2004), S. Rosen, P. Spiller, T. N. Srinivasan, R. Starr, H. Sonnenschein,\r\n                      J. Tobin (Premio Nobel de Econom\u00eda 1981), y V. Volsky entre otros.<\/p>\r\n                    <p>Los trabajos que se presentan son previamente evaluados por una comisi\u00f3n de socios de reconocidos m\u00e9ritos cient\u00edficos y acad\u00e9micos, designada por el Consejo Directivo. <strong>Tambi\u00e9n se promueve la participaci\u00f3n de j\u00f3venes economistas a trav\u00e9s del otorgamiento del Premio para Investigadores J\u00f3venes,<\/strong>                      instaurado en 2003 y dirigido a los autores menores de 28 a\u00f1os.<\/p>\r\n                    <p>Sus recursos provienen de las cuotas sociales y de los aportes de entidades adherentes. <strong>Actualmente la AAEP cuenta con m\u00e1s de 486 socios activos y 17 entidades adherentes<\/strong>: Academia Nacional de Ciencias Econ\u00f3micas (ANCE),\r\n                      Centro de Estudios de Estado y Sociedad (Cedes), DePablo Consult, Fundaci\u00f3n de Investigaciones Econ\u00f3micas Latinoamericanas (FIEL), Fundaci\u00f3n Capital, Instituto Torcuato Di Tella (ITDT), Universidad del CEMA (UCEMA), Universidad Nacional\r\n                      de C\u00f3rdoba (UNC), Universidad Nacional de Cuyo (UNCu), Universidad Nacional de La Plata (UNLP), Universidad Nacional del Sur (UNS), Universidad de Belgrano (UB), Universidad de Buenos Aires (UBA), Universidad de San Andr\u00e9s (UdeSA),\r\n                      Universidad Nacional de Tucum\u00e1n (UNT).<\/p>\r\n                    <p><strong>La AAEP ha llevado adelante 57 Reuniones Anuales desde 1964.<\/strong> En ellas han sido presentados y discutidos, en un marco de total libertad acad\u00e9mica, m\u00e1s de tres mil trabajos de investigaci\u00f3n. Los trabajos presentados\r\n                      en cada Reuni\u00f3n Anual son editados en los Anales de la Asociaci\u00f3n Argentina de Econom\u00eda Pol\u00edtica. A partir de 1997, los trabajos y comentarios est\u00e1n incluidos tambi\u00e9n en el website de la AAEP. A partir del a\u00f1o 2019 los trabajos aceptados\r\n                      son listados en RePEc (Research Papers in Economics), siempre que sus autores as\u00ed lo autoricen. La AAEP no es responsable ni de las opiniones incluidas en los Anales, ni de su protecci\u00f3n intelectual.<\/p>\r\n                    <p>El \u00f3rgano de gobierno de la AAEP es el Consejo Directivo, que est\u00e1 compuesto de un presidente, dos secretarios y nueve vocales, provenientes de distintos organismos y regiones del pa\u00eds., para asegurar una representaci\u00f3n federal.<\/p>\r\n                  <\/div>\r\n                <\/div>\r\n              <\/div>\r\n            <\/div>\r\n          <\/div>\r\n          <div class=\"h-column h-column-container d-flex h-col-lg-auto h-col-md-auto h-col-auto style-1121-outer style-local-1773-c7-outer\">\r\n            <div data-colibri-id=\"1773-c7\" class=\"d-flex h-flex-basis h-column__inner h-px-lg-1 h-px-md-1 h-px-1 v-inner-lg-1 v-inner-md-1 v-inner-1 style-1121 style-local-1773-c7 position-relative\">\r\n              <!---->\r\n              <!---->\r\n              <div class=\"w-100 h-y-container h-column__content h-column__v-align flex-basis-100 align-self-lg-start align-self-md-start align-self-start\">\r\n                <!---->\r\n                <div data-colibri-id=\"1773-c8\" class=\"style-1132 style-local-1773-c8 position-relative h-element\">\r\n                  <!---->\r\n                <\/div>\r\n                <div data-colibri-id=\"1773-c9\" class=\"h-global-transition-all h-heading style-1130 style-local-1773-c9 position-relative h-element\">\r\n                  <!---->\r\n                  <div class=\"h-heading__outer style-1130 style-local-1773-c9\">\r\n                    <!---->\r\n                    <!---->\r\n                    <h4 class=\"\">NUESTROS N\u00daMEROS<\/h4>\r\n                  <\/div>\r\n                <\/div>\r\n                <div data-colibri-id=\"1773-c10\" class=\"style-1126 style-local-1773-c10 position-relative h-element\">\r\n                  <!---->\r\n                  <div class=\"h-global-transition-all h-global-transition h-global-transition-all h-contact-form-shortcode\"><style>\r\n\r\n#wpsm_counter_b_row_1777 .wpsm_counterbox\r\n{\r\n\ttext-align:center;\r\n\tmargin-top:50px;\r\n\tmargin-bottom:50px;\r\n}\r\n#wpsm_counter_b_row_1777 .wpsm_counterbox .wpsm_count-icon{\r\n\tdisplay:block;\r\n\tmargin-top:20px;\r\n\tpadding-top:0px;\r\n\tpadding-bottom:0px;\r\n\tmargin-bottom:0px;\r\n\tmargin:0 auto;\r\n}\r\n#wpsm_counter_b_row_1777 .wpsm_counterbox .wpsm_count-icon i{\r\n\tfont-size:32px;\r\n\tcolor:#1e73be;\r\n}\r\n#wpsm_counter_b_row_1777 .wpsm_counterbox .wpsm_number{\r\n\tfont-size:58px;\r\n\tfont-weight:600;\r\n\tcolor:#000000;\r\n\tfont-family:'Open Sans';\r\n\tletter-spacing:2px;\r\n\tmargin-top:20px;\r\n\tline-height: 1.3em;\r\n\tpadding-top:0px;\r\n\tpadding-bottom:0px;\r\n\tmargin-bottom:0px;\r\n}\r\n#wpsm_counter_b_row_1777 .wpsm_counterbox .wpsm_count-title{\r\n    font-size:30px;\r\n\tfont-weight:bolder;\r\n\tfont-family:'Open Sans';\r\n\tletter-spacing:2px;\r\n    color: #000000;\r\n\tfont-weight:600;\r\n\tmargin-top:20px;\r\n\tpadding-top:0px;\r\n\tpadding-bottom:0px;\r\n\tmargin-bottom:0px;\r\n\tline-height: 1.3em;\r\n}\r\n\r\n<\/style> \r\n\t\t \r\n\t\t\r\n\t\t<style>\r\n\t\t#wpsm_counter_b_row_1777\t\t\t{\r\n\t\t\t\t\r\n\t\t\t\tposition:relative;\r\n\t\t\t\twidth:100%;\r\n\t\t\t\toverflow:hidden;\r\n\t\t\t\ttext-align:center;\r\n\t\t\t}\r\n\t\t\t \r\n\t\t\t#wpsm_counter_b_row_1777 .wpsm_row{\r\n\t\t\toverflow:hidden;\r\n\t\t\tdisplay:block;\r\n\t\t\twidth:100%;\r\n\t\t\t} \r\n\t\t\t \r\n\t\t\t#wpsm_counter_b_row_1777 .wpsm_row{\r\n\t\t\toverflow:visible;\r\n\t\t\t} \r\n\t\t\t \r\n\t\t\t#wpsm_counter_b_row_1777 .wpsm_counterbox .wpsm_count-title{\r\n\t\t\tmin-height:56px;\r\n\t\t\t}}\r\n\t\t\t \r\n\t\t<\/style>\r\n\t\t\r\n\t\t<div class=\"wpsm_counter_b_row\" id=\"wpsm_counter_b_row_1777\">\r\n\t\t\t<div>\r\n\t\t\t\t<div class=\"wpsm_row\">\r\n\t\t\r\n\t\t\t\t\t\t<div class=\"wpsm_col-md-12 wpsm_col-sm-6\">\r\n\t\t\t\t\t<div class=\"wpsm_counterbox\">\r\n\t\t\t\t\t\t\t\t\t\t\t\t<div class=\"wpsm_number\" style=\"#000000\" >\r\n\t\t\t\t\t\t   <span class=\"counter\">486\t\t\t\t\t\t   <\/span>\r\n\t\t\t\t\t\t    \r\n\t\t\t\t\t    <\/div>\r\n\t\t\t\t\t\t<h3 class=\"wpsm_count-title\" #000000> Socios activos<\/h3>\r\n\t\t\t\t\t\t \r\n\t\t\t\t\t<\/div>\r\n\t\t\t\t<\/div>\r\n\t\t\t\t\t\t<\/div>\r\n\t\t\t<div class=\"wpsm_row\">\r\n\t\t\t\t\t\t\t\t<div class=\"wpsm_col-md-12 wpsm_col-sm-6\">\r\n\t\t\t\t\t<div class=\"wpsm_counterbox\">\r\n\t\t\t\t\t\t\t\t\t\t\t\t<div class=\"wpsm_number\" style=\"#000000\" >\r\n\t\t\t\t\t\t   <span class=\"counter\">17\t\t\t\t\t\t   <\/span>\r\n\t\t\t\t\t\t    \r\n\t\t\t\t\t    <\/div>\r\n\t\t\t\t\t\t<h3 class=\"wpsm_count-title\" #000000> Entidades adherentes<\/h3>\r\n\t\t\t\t\t\t \r\n\t\t\t\t\t<\/div>\r\n\t\t\t\t<\/div>\r\n\t\t\t\t\t\t<\/div>\r\n\t\t\t<div class=\"wpsm_row\">\r\n\t\t\t\t\t\t\t\t<div class=\"wpsm_col-md-12 wpsm_col-sm-6\">\r\n\t\t\t\t\t<div class=\"wpsm_counterbox\">\r\n\t\t\t\t\t\t\t\t\t\t\t\t<div class=\"wpsm_number\" style=\"#000000\" >\r\n\t\t\t\t\t\t   <span class=\"counter\">57\t\t\t\t\t\t   <\/span>\r\n\t\t\t\t\t\t    \r\n\t\t\t\t\t    <\/div>\r\n\t\t\t\t\t\t<h3 class=\"wpsm_count-title\" #000000> Reuniones anuales<\/h3>\r\n\t\t\t\t\t\t \r\n\t\t\t\t\t<\/div>\r\n\t\t\t\t<\/div>\r\n\t\t\t\t\t\t<\/div>\r\n\t\t\t<div class=\"wpsm_row\">\r\n\t\t\t\t\t\t\r\n\t\t\t<\/div>\t\t\t\t<\/div>\r\n\t\t<\/div>\r\n\t\t\r\n\t<\/div>\r\n                <\/div>\r\n              <\/div>\r\n            <\/div>\r\n          <\/div>\r\n        <\/div>\r\n      <\/div>\r\n    <\/div>\r\n  <\/div>\r\n<\/div>","protected":false},"excerpt":{"rendered":"<p>La Asociaci\u00f3n Argentina de Econom\u00eda Pol\u00edtica tiene como misi\u00f3n promover el an\u00e1lisis econ\u00f3mico en el pa\u00eds. La principal actividad consiste en la discusi\u00f3n de trabajos acad\u00e9micos realizados en el \u00e1mbito de la Econom\u00eda que se realiza en la Reuni\u00f3n Anual. Tradicionalmente, \u00e9sta, se celebra en el mes de noviembre de cada a\u00f1o en distintas ciudades [&hellip;]<\/p>\n","protected":false},"author":1,"featured_media":0,"parent":0,"menu_order":0,"comment_status":"closed","ping_status":"closed","template":"page-templates\/full-width-page.php","meta":{"_acf_changed":false,"_coblocks_attr":"","_coblocks_dimensions":"","_coblocks_responsive_height":"","_coblocks_accordion_ie_support":"","footnotes":""},"class_list":["post-1773","page","type-page","status-publish","hentry"],"acf":[],"yoast_head":"<!-- This site is optimized with the Yoast SEO plugin v27.3 - https:\/\/yoast.com\/product\/yoast-seo-wordpress\/ -->\n<title>Sobre la AAEP<\/title>\n<meta name=\"description\" content=\"Sobre la Asociaci\u00f3n Argentina de Econom\u00eda Pol\u00edtica AAEP\" \/>\n<meta name=\"robots\" content=\"index, follow, max-snippet:-1, max-image-preview:large, max-video-preview:-1\" \/>\n<link rel=\"canonical\" href=\"https:\/\/aaep.org.ar\/?page_id=1773\" \/>\n<meta property=\"og:locale\" content=\"es_ES\" \/>\n<meta property=\"og:type\" content=\"article\" \/>\n<meta property=\"og:title\" content=\"Sobre la AAEP\" \/>\n<meta property=\"og:description\" content=\"Sobre la Asociaci\u00f3n Argentina de Econom\u00eda Pol\u00edtica AAEP\" \/>\n<meta property=\"og:url\" content=\"https:\/\/aaep.org.ar\/?page_id=1773\" \/>\n<meta property=\"og:site_name\" content=\"Asociaci\u00f3n Argentina de Econom\u00eda Pol\u00edtica\" \/>\n<meta property=\"article:modified_time\" content=\"2023-04-26T12:55:45+00:00\" \/>\n<meta name=\"twitter:card\" content=\"summary_large_image\" \/>\n<meta name=\"twitter:site\" content=\"@aaepoficial\" \/>\n<meta name=\"twitter:label1\" content=\"Tiempo de lectura\" \/>\n\t<meta name=\"twitter:data1\" content=\"3 minutos\" \/>\n<script type=\"application\/ld+json\" class=\"yoast-schema-graph\">{\"@context\":\"https:\\\/\\\/schema.org\",\"@graph\":[{\"@type\":\"WebPage\",\"@id\":\"https:\\\/\\\/aaep.org.ar\\\/?page_id=1773\",\"url\":\"https:\\\/\\\/aaep.org.ar\\\/?page_id=1773\",\"name\":\"Sobre la AAEP\",\"isPartOf\":{\"@id\":\"https:\\\/\\\/aaep.org.ar\\\/#website\"},\"datePublished\":\"2022-06-03T15:41:42+00:00\",\"dateModified\":\"2023-04-26T12:55:45+00:00\",\"description\":\"Sobre la Asociaci\u00f3n Argentina de Econom\u00eda Pol\u00edtica AAEP\",\"breadcrumb\":{\"@id\":\"https:\\\/\\\/aaep.org.ar\\\/?page_id=1773#breadcrumb\"},\"inLanguage\":\"es\",\"potentialAction\":[{\"@type\":\"ReadAction\",\"target\":[\"https:\\\/\\\/aaep.org.ar\\\/?page_id=1773\"]}]},{\"@type\":\"BreadcrumbList\",\"@id\":\"https:\\\/\\\/aaep.org.ar\\\/?page_id=1773#breadcrumb\",\"itemListElement\":[{\"@type\":\"ListItem\",\"position\":1,\"name\":\"Portada\",\"item\":\"https:\\\/\\\/aaep.org.ar\\\/\"},{\"@type\":\"ListItem\",\"position\":2,\"name\":\"Sobre la AAEP\"}]},{\"@type\":\"WebSite\",\"@id\":\"https:\\\/\\\/aaep.org.ar\\\/#website\",\"url\":\"https:\\\/\\\/aaep.org.ar\\\/\",\"name\":\"Asociaci\u00f3n Argentina de Econom\u00eda Pol\u00edtica\",\"description\":\"Asociaci\u00f3n Argentina de Econom\u00eda Pol\u00edtica\",\"publisher\":{\"@id\":\"https:\\\/\\\/aaep.org.ar\\\/#organization\"},\"potentialAction\":[{\"@type\":\"SearchAction\",\"target\":{\"@type\":\"EntryPoint\",\"urlTemplate\":\"https:\\\/\\\/aaep.org.ar\\\/?s={search_term_string}\"},\"query-input\":{\"@type\":\"PropertyValueSpecification\",\"valueRequired\":true,\"valueName\":\"search_term_string\"}}],\"inLanguage\":\"es\"},{\"@type\":\"Organization\",\"@id\":\"https:\\\/\\\/aaep.org.ar\\\/#organization\",\"name\":\"Asociaci\u00f3n Argentina de Econom\u00eda Pol\u00edtica\",\"url\":\"https:\\\/\\\/aaep.org.ar\\\/\",\"logo\":{\"@type\":\"ImageObject\",\"inLanguage\":\"es\",\"@id\":\"https:\\\/\\\/aaep.org.ar\\\/#\\\/schema\\\/logo\\\/image\\\/\",\"url\":\"https:\\\/\\\/aaep.org.ar\\\/wp-content\\\/uploads\\\/2022\\\/05\\\/cropped-aaep_logo.png\",\"contentUrl\":\"https:\\\/\\\/aaep.org.ar\\\/wp-content\\\/uploads\\\/2022\\\/05\\\/cropped-aaep_logo.png\",\"width\":74,\"height\":49,\"caption\":\"Asociaci\u00f3n Argentina de Econom\u00eda Pol\u00edtica\"},\"image\":{\"@id\":\"https:\\\/\\\/aaep.org.ar\\\/#\\\/schema\\\/logo\\\/image\\\/\"},\"sameAs\":[\"https:\\\/\\\/x.com\\\/aaepoficial\",\"https:\\\/\\\/www.instagram.com\\\/aaepoficial\\\/\"]}]}<\/script>\n<!-- \/ Yoast SEO plugin. -->","yoast_head_json":{"title":"Sobre la AAEP","description":"Sobre la Asociaci\u00f3n Argentina de Econom\u00eda Pol\u00edtica AAEP","robots":{"index":"index","follow":"follow","max-snippet":"max-snippet:-1","max-image-preview":"max-image-preview:large","max-video-preview":"max-video-preview:-1"},"canonical":"https:\/\/aaep.org.ar\/?page_id=1773","og_locale":"es_ES","og_type":"article","og_title":"Sobre la AAEP","og_description":"Sobre la Asociaci\u00f3n Argentina de Econom\u00eda Pol\u00edtica AAEP","og_url":"https:\/\/aaep.org.ar\/?page_id=1773","og_site_name":"Asociaci\u00f3n Argentina de Econom\u00eda Pol\u00edtica","article_modified_time":"2023-04-26T12:55:45+00:00","twitter_card":"summary_large_image","twitter_site":"@aaepoficial","twitter_misc":{"Tiempo de lectura":"3 minutos"},"schema":{"@context":"https:\/\/schema.org","@graph":[{"@type":"WebPage","@id":"https:\/\/aaep.org.ar\/?page_id=1773","url":"https:\/\/aaep.org.ar\/?page_id=1773","name":"Sobre la AAEP","isPartOf":{"@id":"https:\/\/aaep.org.ar\/#website"},"datePublished":"2022-06-03T15:41:42+00:00","dateModified":"2023-04-26T12:55:45+00:00","description":"Sobre la Asociaci\u00f3n Argentina de Econom\u00eda Pol\u00edtica AAEP","breadcrumb":{"@id":"https:\/\/aaep.org.ar\/?page_id=1773#breadcrumb"},"inLanguage":"es","potentialAction":[{"@type":"ReadAction","target":["https:\/\/aaep.org.ar\/?page_id=1773"]}]},{"@type":"BreadcrumbList","@id":"https:\/\/aaep.org.ar\/?page_id=1773#breadcrumb","itemListElement":[{"@type":"ListItem","position":1,"name":"Portada","item":"https:\/\/aaep.org.ar\/"},{"@type":"ListItem","position":2,"name":"Sobre la AAEP"}]},{"@type":"WebSite","@id":"https:\/\/aaep.org.ar\/#website","url":"https:\/\/aaep.org.ar\/","name":"Asociaci\u00f3n Argentina de Econom\u00eda Pol\u00edtica","description":"Asociaci\u00f3n Argentina de Econom\u00eda Pol\u00edtica","publisher":{"@id":"https:\/\/aaep.org.ar\/#organization"},"potentialAction":[{"@type":"SearchAction","target":{"@type":"EntryPoint","urlTemplate":"https:\/\/aaep.org.ar\/?s={search_term_string}"},"query-input":{"@type":"PropertyValueSpecification","valueRequired":true,"valueName":"search_term_string"}}],"inLanguage":"es"},{"@type":"Organization","@id":"https:\/\/aaep.org.ar\/#organization","name":"Asociaci\u00f3n Argentina de Econom\u00eda Pol\u00edtica","url":"https:\/\/aaep.org.ar\/","logo":{"@type":"ImageObject","inLanguage":"es","@id":"https:\/\/aaep.org.ar\/#\/schema\/logo\/image\/","url":"https:\/\/aaep.org.ar\/wp-content\/uploads\/2022\/05\/cropped-aaep_logo.png","contentUrl":"https:\/\/aaep.org.ar\/wp-content\/uploads\/2022\/05\/cropped-aaep_logo.png","width":74,"height":49,"caption":"Asociaci\u00f3n Argentina de Econom\u00eda Pol\u00edtica"},"image":{"@id":"https:\/\/aaep.org.ar\/#\/schema\/logo\/image\/"},"sameAs":["https:\/\/x.com\/aaepoficial","https:\/\/www.instagram.com\/aaepoficial\/"]}]}},"_links":{"self":[{"href":"https:\/\/aaep.org.ar\/index.php?rest_route=\/wp\/v2\/pages\/1773","targetHints":{"allow":["GET"]}}],"collection":[{"href":"https:\/\/aaep.org.ar\/index.php?rest_route=\/wp\/v2\/pages"}],"about":[{"href":"https:\/\/aaep.org.ar\/index.php?rest_route=\/wp\/v2\/types\/page"}],"author":[{"embeddable":true,"href":"https:\/\/aaep.org.ar\/index.php?rest_route=\/wp\/v2\/users\/1"}],"replies":[{"embeddable":true,"href":"https:\/\/aaep.org.ar\/index.php?rest_route=%2Fwp%2Fv2%2Fcomments&post=1773"}],"version-history":[{"count":17,"href":"https:\/\/aaep.org.ar\/index.php?rest_route=\/wp\/v2\/pages\/1773\/revisions"}],"predecessor-version":[{"id":3341,"href":"https:\/\/aaep.org.ar\/index.php?rest_route=\/wp\/v2\/pages\/1773\/revisions\/3341"}],"wp:attachment":[{"href":"https:\/\/aaep.org.ar\/index.php?rest_route=%2Fwp%2Fv2%2Fmedia&parent=1773"}],"curies":[{"name":"wp","href":"https:\/\/api.w.org\/{rel}","templated":true}]}}